{"id":17606,"date":"2021-07-20T16:12:15","date_gmt":"2021-07-20T16:12:15","guid":{"rendered":"https:\/\/laverdiererallyteam.com\/sponsorship\/"},"modified":"2021-07-20T16:12:15","modified_gmt":"2021-07-20T16:12:15","slug":"sponsorship","status":"publish","type":"page","link":"https:\/\/laverdiererallyteam.com\/en\/sponsorship\/","title":{"rendered":"Sponsorship"},"content":{"rendered":"\n<p>Vous voulez nous aider dans notre aventure vers le championnat Canadien des rallyes? <a href=\"https:\/\/laverdiererallyteam.com\/contact\/\">Contactez-nous<\/a> afin qu&#8217;on travaille \u00e0 trouver la meilleure mani\u00e8re pour rentabiliser votre investissement dans notre \u00e9quipe.<\/p>\n\n<h2 class=\"wp-block-heading\">R\u00e9seaux sociaux et cr\u00e9ation de contenu <\/h2>\n\n<p>Durant les \u00e9v\u00e9nements nous cr\u00e9ons beaucoup de contenu tel que des photos, vid\u00e9os, couverture en direct. Ce contenu est ensuite distribu\u00e9 sur nos r\u00e9seaux sociaux et est \u00e0 votre disposition.<\/p>\n\n<p>Entre les courses, nous produisons du contenu sur les produits de nos commanditaires ainsi que sur l&#8217;avancement et l&#8217;\u00e9volution de l&#8217;\u00e9quipe.<\/p>\n\n<h2 class=\"wp-block-heading\">Campagne d&#8217;activation de marque<\/h2>\n\n<div class=\"wp-block-image\"><figure class=\"aligncenter size-full is-resized\"><a href=\"https:\/\/laverdiererallyteam.com\/wp-content\/uploads\/2021\/07\/70015507_2698598440174317_7945477583913615360_o.jpg\"><img loading=\"lazy\" decoding=\"async\" src=\"https:\/\/laverdiererallyteam.com\/wp-content\/uploads\/2021\/07\/70015507_2698598440174317_7945477583913615360_o.jpg\" alt=\"\" class=\"wp-image-17583\" width=\"434\" height=\"434\" srcset=\"https:\/\/laverdiererallyteam.com\/wp-content\/uploads\/2021\/07\/70015507_2698598440174317_7945477583913615360_o.jpg 700w, https:\/\/laverdiererallyteam.com\/wp-content\/uploads\/2021\/07\/70015507_2698598440174317_7945477583913615360_o-300x300.jpg 300w, https:\/\/laverdiererallyteam.com\/wp-content\/uploads\/2021\/07\/70015507_2698598440174317_7945477583913615360_o-150x150.jpg 150w, https:\/\/laverdiererallyteam.com\/wp-content\/uploads\/2021\/07\/70015507_2698598440174317_7945477583913615360_o-500x500.jpg 500w\" sizes=\"auto, (max-width: 434px) 100vw, 434px\" \/><\/a><figcaption> Campagne d&#8217;activation de marque course automobile<\/figcaption><\/figure><\/div>\n\n<p>Aux \u00e9v\u00e9nements (course, &#8220;trade-show&#8221;, exposition) nous offrons diff\u00e9rents services \u00e0 nos partenaires tel que :<\/p>\n\n<ul class=\"wp-block-list\"><li>Concours<\/li><li>R\u00e9coltes de donn\u00e9es en \u00e9change d&#8217;articles promotionnels<\/li><li>Affichage de votre marque (kiosque, voiture, v\u00eatements de l&#8217;\u00e9quipe, affiches)<\/li><li>\u00c9chantillonnage de vos produits<\/li><li>Test et critique de produits<\/li><li>R\u00e9seautage entre nos partenaires<\/li><\/ul>\n\n<p><\/p>\n\n<p>Want to help us in our quest to the Canadian Rally Championship? Get in touch with us so we can create the best marketing strategy to maximize your return on investment.<\/p>\n\n<hr class=\"wp-block-separator alignwide\"\/>\n\n<h2 class=\"wp-block-heading\">Nos partenaires actuels<\/h2>\n\n<div class=\"wp-block-image\"><figure class=\"aligncenter\"><img loading=\"lazy\" decoding=\"async\" width=\"300\" height=\"120\" src=\"https:\/\/laverdiererallyteam.com\/wp-content\/uploads\/2019\/10\/HOOSIER-LOGO-300x120.png\" alt=\"HOOSIER-LOGO\" class=\"wp-image-17610\" srcset=\"https:\/\/laverdiererallyteam.com\/wp-content\/uploads\/2019\/10\/HOOSIER-LOGO-300x120.png 300w, https:\/\/laverdiererallyteam.com\/wp-content\/uploads\/2019\/10\/HOOSIER-LOGO-600x239.png 600w, https:\/\/laverdiererallyteam.com\/wp-content\/uploads\/2019\/10\/HOOSIER-LOGO-768x306.png 768w, https:\/\/laverdiererallyteam.com\/wp-content\/uploads\/2019\/10\/HOOSIER-LOGO.png 1000w\" sizes=\"auto, (max-width: 300px) 100vw, 300px\" \/><\/figure><\/div>\n\n<p>Hoosier est une marque connues depuis des ann\u00e9es dans le monde du sport automobile. Depuis peu, ils ont commenc\u00e9 \u00e0 attaquer le marcher du rallye et offrant des pneus de qualit\u00e9 avec une endurance sup\u00e9rieure \u00e0 la comp\u00e9tition.<\/p>\n\n<p>Hoosier is a brand that has been recognized for their Motorsports achievements. They are only getting started in rally but they already have a high quality product that has a better longevity than it&#8217;s competition.<\/p>\n\n<p>Visitez leur site web pour vos<a href=\"http:\/\/hoosierrally.ca\" target=\"_blank\" rel=\"noreferrer noopener\"> pneus de rallyes<\/a><\/p>\n\n<div class=\"wp-block-image coblocks-animate\" data-coblocks-animation=\"fadeIn\"><figure class=\"aligncenter size-full is-resized\"><a href=\"https:\/\/laverdiererallyteam.com\/wp-content\/uploads\/2019\/10\/ampdigital_outline_typo_noire.jpg\"><img loading=\"lazy\" decoding=\"async\" src=\"https:\/\/laverdiererallyteam.com\/wp-content\/uploads\/2019\/10\/ampdigital_outline_typo_noire.jpg\" alt=\"\" class=\"wp-image-16019\" width=\"363\" height=\"202\" srcset=\"https:\/\/laverdiererallyteam.com\/wp-content\/uploads\/2019\/10\/ampdigital_outline_typo_noire.jpg 1000w, https:\/\/laverdiererallyteam.com\/wp-content\/uploads\/2019\/10\/ampdigital_outline_typo_noire-600x334.jpg 600w, https:\/\/laverdiererallyteam.com\/wp-content\/uploads\/2019\/10\/ampdigital_outline_typo_noire-300x167.jpg 300w, https:\/\/laverdiererallyteam.com\/wp-content\/uploads\/2019\/10\/ampdigital_outline_typo_noire-768x427.jpg 768w\" sizes=\"auto, (max-width: 363px) 100vw, 363px\" \/><\/a><figcaption>AMP Digital<\/figcaption><\/figure><\/div>\n\n<h3 class=\"wp-block-heading\">AMP Digital Inc.<\/h3>\n\n<p>AMP Digital offre plusieurs services dans le domaine de l\u2019<a href=\"http:\/\/ampdigital.ca\" target=\"_blank\" rel=\"noreferrer noopener\">impression grand format<\/a>, d\u00e9coupe CNC et lazer, lettrage de v\u00e9hicule ou structure et maintenant marketing digital. <\/p>\n\n<div class=\"wp-block-image size-medium wp-image-17608\"><figure class=\"aligncenter\"><img loading=\"lazy\" decoding=\"async\" width=\"300\" height=\"61\" src=\"https:\/\/laverdiererallyteam.com\/wp-content\/uploads\/2019\/10\/logo_perry-performance-300x61.jpg\" alt=\"Perry Performance logo\" class=\"wp-image-17608\" srcset=\"https:\/\/laverdiererallyteam.com\/wp-content\/uploads\/2019\/10\/logo_perry-performance-300x61.jpg 300w, https:\/\/laverdiererallyteam.com\/wp-content\/uploads\/2019\/10\/logo_perry-performance-600x123.jpg 600w, https:\/\/laverdiererallyteam.com\/wp-content\/uploads\/2019\/10\/logo_perry-performance-700x144.jpg 700w, https:\/\/laverdiererallyteam.com\/wp-content\/uploads\/2019\/10\/logo_perry-performance.jpg 704w\" sizes=\"auto, (max-width: 300px) 100vw, 300px\" \/><figcaption>Perry Performance<\/figcaption><\/figure><\/div>\n\n<p>The team at Perry has been with us since the begenning of the team. They are always when we need need them and they know there products.<\/p>\n\n<p>L&#8217;\u00e9quipe de Perry nous support depuis les d\u00e9but. Ils sont toujours l\u00e0 lorsqu&#8217;on a besoin d&#8217;eux et ils connaissent leur produits.<\/p>\n\n<p>Visitez leur site pour vos <a href=\"https:\/\/perryautolaval.com\/\" target=\"_blank\" rel=\"noreferrer noopener\">pi\u00e8ces de voiture de performance<\/a><\/p>\n\n<div class=\"wp-block-image\"><figure class=\"aligncenter size-full is-resized\"><a href=\"https:\/\/laverdiererallyteam.com\/wp-content\/uploads\/2021\/07\/JTRC-full_1b5a29c5-eaea-409d-9cff-c4e1b0de3635_720x.png\"><img loading=\"lazy\" decoding=\"async\" src=\"https:\/\/laverdiererallyteam.com\/wp-content\/uploads\/2021\/07\/JTRC-full_1b5a29c5-eaea-409d-9cff-c4e1b0de3635_720x.png\" alt=\"JTRC\" class=\"wp-image-17582\" width=\"369\" height=\"95\" srcset=\"https:\/\/laverdiererallyteam.com\/wp-content\/uploads\/2021\/07\/JTRC-full_1b5a29c5-eaea-409d-9cff-c4e1b0de3635_720x.png 720w, https:\/\/laverdiererallyteam.com\/wp-content\/uploads\/2021\/07\/JTRC-full_1b5a29c5-eaea-409d-9cff-c4e1b0de3635_720x-300x78.png 300w, https:\/\/laverdiererallyteam.com\/wp-content\/uploads\/2021\/07\/JTRC-full_1b5a29c5-eaea-409d-9cff-c4e1b0de3635_720x-500x130.png 500w\" sizes=\"auto, (max-width: 369px) 100vw, 369px\" \/><\/a><figcaption>JTRC<\/figcaption><\/figure><\/div>\n\n<p>\u00c9quipements de s\u00e9curit\u00e9 et accessoires pour Pilotes, Copilotes, pour votre auto de course, et pour M\u00e9canos. Revendeur autoris\u00e9 RRS &amp; MARINA RACEWEAR pour l\u2019Am\u00e9rique du Nord<\/p>\n\n<p>Visiter leur site pour <a href=\"https:\/\/jtrc.ca\/\" target=\"_blank\" rel=\"noreferrer noopener\">vos \u00e9quipements de s\u00e9curit\u00e9 en cours automob<\/a><a href=\"\">ile<\/a><\/p>\n\n<div class=\"wp-block-image coblocks-animate\" data-coblocks-animation=\"fadeIn\"><figure class=\"aligncenter size-full\"><a href=\"https:\/\/laverdiererallyteam.com\/wp-content\/uploads\/2021\/07\/cas.png\"><img loading=\"lazy\" decoding=\"async\" width=\"1000\" height=\"377\" src=\"https:\/\/laverdiererallyteam.com\/wp-content\/uploads\/2021\/07\/cas.png\" alt=\"\" class=\"wp-image-17594\" srcset=\"https:\/\/laverdiererallyteam.com\/wp-content\/uploads\/2021\/07\/cas.png 1000w, https:\/\/laverdiererallyteam.com\/wp-content\/uploads\/2021\/07\/cas-300x113.png 300w, https:\/\/laverdiererallyteam.com\/wp-content\/uploads\/2021\/07\/cas-768x290.png 768w, https:\/\/laverdiererallyteam.com\/wp-content\/uploads\/2021\/07\/cas-500x189.png 500w, https:\/\/laverdiererallyteam.com\/wp-content\/uploads\/2021\/07\/cas-800x302.png 800w\" sizes=\"auto, (max-width: 1000px) 100vw, 1000px\" \/><\/a><figcaption>CAS Comp\u00e9tition logo<\/figcaption><\/figure><\/div>\n\n<p>CAS comp\u00e9tition est une division de Compact Autosport qui sont <a href=\"http:\/\/www.compactautosport.com\/\" target=\"_blank\" rel=\"noreferrer noopener\">pr\u00e9parateurs de voitures de rallye<\/a>. Avec leur exp\u00e9rience, ils sont en mesure de fabriquer des pi\u00e8ces sur mesures et trouver des solutions \u00e0 toutes nos emb\u00fbches. Leur \u00e9quipe se d\u00e9place \u00e9galement au rallye pour supporter leurs \u00e9quipes de course. <\/p>\n\n<div class=\"wp-block-image\"><figure class=\"aligncenter\"><img loading=\"lazy\" decoding=\"async\" width=\"300\" height=\"100\" src=\"https:\/\/laverdiererallyteam.com\/wp-content\/uploads\/2019\/10\/turbo-part-canada-300x100.png\" alt=\"Turbo Parts Canada logo\" class=\"wp-image-17612\" srcset=\"https:\/\/laverdiererallyteam.com\/wp-content\/uploads\/2019\/10\/turbo-part-canada-300x100.png 300w, https:\/\/laverdiererallyteam.com\/wp-content\/uploads\/2019\/10\/turbo-part-canada.png 500w\" sizes=\"auto, (max-width: 300px) 100vw, 300px\" \/><\/figure><\/div>\n\n<p>If you want to talk turbo with someone, they are the one to talk to! They will guide you trough all the different possibilities and help you make the right choice for your next custom made Turbo.<\/p>\n\n<p>Si vous voulez parler turbo avec quelqu&#8217;un, c&#8217;est avec eux que vous devez parler! Ils vous guideront \u00e0 travers toutes les possibilit\u00e9s et vous aideront \u00e0 faire le bon choix pour votre prochain turbo sur mesure.<\/p>\n\n<p>Visitez leur site web pour votre <a href=\"https:\/\/www.turbopartscanada.ca\/\" target=\"_blank\" rel=\"noreferrer noopener\">turbo sur mesure<\/a><\/p>\n\n<h3 class=\"wp-block-heading\">Publicit\u00e9s, Site web &amp; Marketing par Fr\u00e9d\u00e9ric Senterre<\/h3>\n\n<p><a rel=\"noreferrer noopener\" href=\"http:\/\/fredericsenterre.com\" target=\"_blank\">fredericsenterre.com<\/a><\/p>\n","protected":false},"excerpt":{"rendered":"<p>Vous voulez nous aider dans notre aventure vers le championnat Canadien des rallyes? Contactez-nous afin qu&#8217;on travaille \u00e0 trouver la meilleure mani\u00e8re pour rentabiliser votre investissement dans notre \u00e9quipe. R\u00e9seaux sociaux et cr\u00e9ation de contenu Durant les \u00e9v\u00e9nements nous cr\u00e9ons beaucoup de contenu tel que des photos, vid\u00e9os, couverture en direct. Ce contenu est ensuite&hellip; <a class=\"more-link\" href=\"https:\/\/laverdiererallyteam.com\/en\/sponsorship\/\">Continue reading <span class=\"screen-reader-text\">Sponsorship<\/span><\/a><\/p>\n","protected":false},"author":1,"featured_media":0,"parent":0,"menu_order":0,"comment_status":"closed","ping_status":"closed","template":"","meta":{"_coblocks_attr":"","_coblocks_dimensions":"","_coblocks_responsive_height":"","_coblocks_accordion_ie_support":"","footnotes":""},"class_list":["post-17606","page","type-page","status-publish","hentry","entry"],"yoast_head":"<!-- This site is optimized with the Yoast SEO plugin v26.6 - https:\/\/yoast.com\/wordpress\/plugins\/seo\/ -->\n<title>Sponsorship - Laverdi\u00e8re Rally Team<\/title>\n<meta name=\"robots\" content=\"index, follow, max-snippet:-1, max-image-preview:large, max-video-preview:-1\" \/>\n<link rel=\"canonical\" href=\"https:\/\/laverdiererallyteam.com\/en\/sponsorship\/\" \/>\n<meta property=\"og:locale\" content=\"en_US\" \/>\n<meta property=\"og:type\" content=\"article\" \/>\n<meta property=\"og:title\" content=\"Sponsorship - Laverdi\u00e8re Rally Team\" \/>\n<meta property=\"og:description\" content=\"Vous voulez nous aider dans notre aventure vers le championnat Canadien des rallyes? Contactez-nous afin qu&#8217;on travaille \u00e0 trouver la meilleure mani\u00e8re pour rentabiliser votre investissement dans notre \u00e9quipe. R\u00e9seaux sociaux et cr\u00e9ation de contenu Durant les \u00e9v\u00e9nements nous cr\u00e9ons beaucoup de contenu tel que des photos, vid\u00e9os, couverture en direct. Ce contenu est ensuite&hellip; Continue reading Sponsorship\" \/>\n<meta property=\"og:url\" content=\"https:\/\/laverdiererallyteam.com\/en\/sponsorship\/\" \/>\n<meta property=\"og:site_name\" content=\"Laverdi\u00e8re Rally Team\" \/>\n<meta property=\"og:image\" content=\"https:\/\/laverdiererallyteam.com\/wp-content\/uploads\/2021\/07\/70015507_2698598440174317_7945477583913615360_o.jpg\" \/>\n<meta name=\"twitter:card\" content=\"summary_large_image\" \/>\n<meta name=\"twitter:label1\" content=\"Est. reading time\" \/>\n\t<meta name=\"twitter:data1\" content=\"3 minutes\" \/>\n<script type=\"application\/ld+json\" class=\"yoast-schema-graph\">{\"@context\":\"https:\/\/schema.org\",\"@graph\":[{\"@type\":\"WebPage\",\"@id\":\"https:\/\/laverdiererallyteam.com\/en\/sponsorship\/\",\"url\":\"https:\/\/laverdiererallyteam.com\/en\/sponsorship\/\",\"name\":\"Sponsorship - Laverdi\u00e8re Rally Team\",\"isPartOf\":{\"@id\":\"https:\/\/laverdiererallyteam.com\/#website\"},\"primaryImageOfPage\":{\"@id\":\"https:\/\/laverdiererallyteam.com\/en\/sponsorship\/#primaryimage\"},\"image\":{\"@id\":\"https:\/\/laverdiererallyteam.com\/en\/sponsorship\/#primaryimage\"},\"thumbnailUrl\":\"https:\/\/laverdiererallyteam.com\/wp-content\/uploads\/2021\/07\/70015507_2698598440174317_7945477583913615360_o.jpg\",\"datePublished\":\"2021-07-20T16:12:15+00:00\",\"breadcrumb\":{\"@id\":\"https:\/\/laverdiererallyteam.com\/en\/sponsorship\/#breadcrumb\"},\"inLanguage\":\"en-US\",\"potentialAction\":[{\"@type\":\"ReadAction\",\"target\":[\"https:\/\/laverdiererallyteam.com\/en\/sponsorship\/\"]}]},{\"@type\":\"ImageObject\",\"inLanguage\":\"en-US\",\"@id\":\"https:\/\/laverdiererallyteam.com\/en\/sponsorship\/#primaryimage\",\"url\":\"https:\/\/laverdiererallyteam.com\/wp-content\/uploads\/2021\/07\/70015507_2698598440174317_7945477583913615360_o.jpg\",\"contentUrl\":\"https:\/\/laverdiererallyteam.com\/wp-content\/uploads\/2021\/07\/70015507_2698598440174317_7945477583913615360_o.jpg\"},{\"@type\":\"BreadcrumbList\",\"@id\":\"https:\/\/laverdiererallyteam.com\/en\/sponsorship\/#breadcrumb\",\"itemListElement\":[{\"@type\":\"ListItem\",\"position\":1,\"name\":\"Accueil\",\"item\":\"https:\/\/laverdiererallyteam.com\/en\/\"},{\"@type\":\"ListItem\",\"position\":2,\"name\":\"Sponsorship\"}]},{\"@type\":\"WebSite\",\"@id\":\"https:\/\/laverdiererallyteam.com\/#website\",\"url\":\"https:\/\/laverdiererallyteam.com\/\",\"name\":\"Laverdi\u00e8re Rally Team\",\"description\":\"Canadian Rally Team\",\"publisher\":{\"@id\":\"https:\/\/laverdiererallyteam.com\/#organization\"},\"potentialAction\":[{\"@type\":\"SearchAction\",\"target\":{\"@type\":\"EntryPoint\",\"urlTemplate\":\"https:\/\/laverdiererallyteam.com\/?s={search_term_string}\"},\"query-input\":{\"@type\":\"PropertyValueSpecification\",\"valueRequired\":true,\"valueName\":\"search_term_string\"}}],\"inLanguage\":\"en-US\"},{\"@type\":\"Organization\",\"@id\":\"https:\/\/laverdiererallyteam.com\/#organization\",\"name\":\"Laverdi\u00e8re Rally Team\",\"url\":\"https:\/\/laverdiererallyteam.com\/\",\"logo\":{\"@type\":\"ImageObject\",\"inLanguage\":\"en-US\",\"@id\":\"https:\/\/laverdiererallyteam.com\/#\/schema\/logo\/image\/\",\"url\":\"https:\/\/laverdiererallyteam.com\/wp-content\/uploads\/2015\/01\/logo-text-bottom1.png\",\"contentUrl\":\"https:\/\/laverdiererallyteam.com\/wp-content\/uploads\/2015\/01\/logo-text-bottom1.png\",\"width\":181,\"height\":231,\"caption\":\"Laverdi\u00e8re Rally Team\"},\"image\":{\"@id\":\"https:\/\/laverdiererallyteam.com\/#\/schema\/logo\/image\/\"}}]}<\/script>\n<!-- \/ Yoast SEO plugin. -->","yoast_head_json":{"title":"Sponsorship - Laverdi\u00e8re Rally Team","robots":{"index":"index","follow":"follow","max-snippet":"max-snippet:-1","max-image-preview":"max-image-preview:large","max-video-preview":"max-video-preview:-1"},"canonical":"https:\/\/laverdiererallyteam.com\/en\/sponsorship\/","og_locale":"en_US","og_type":"article","og_title":"Sponsorship - Laverdi\u00e8re Rally Team","og_description":"Vous voulez nous aider dans notre aventure vers le championnat Canadien des rallyes? Contactez-nous afin qu&#8217;on travaille \u00e0 trouver la meilleure mani\u00e8re pour rentabiliser votre investissement dans notre \u00e9quipe. R\u00e9seaux sociaux et cr\u00e9ation de contenu Durant les \u00e9v\u00e9nements nous cr\u00e9ons beaucoup de contenu tel que des photos, vid\u00e9os, couverture en direct. Ce contenu est ensuite&hellip; Continue reading Sponsorship","og_url":"https:\/\/laverdiererallyteam.com\/en\/sponsorship\/","og_site_name":"Laverdi\u00e8re Rally Team","og_image":[{"url":"https:\/\/laverdiererallyteam.com\/wp-content\/uploads\/2021\/07\/70015507_2698598440174317_7945477583913615360_o.jpg","type":"","width":"","height":""}],"twitter_card":"summary_large_image","twitter_misc":{"Est. reading time":"3 minutes"},"schema":{"@context":"https:\/\/schema.org","@graph":[{"@type":"WebPage","@id":"https:\/\/laverdiererallyteam.com\/en\/sponsorship\/","url":"https:\/\/laverdiererallyteam.com\/en\/sponsorship\/","name":"Sponsorship - Laverdi\u00e8re Rally Team","isPartOf":{"@id":"https:\/\/laverdiererallyteam.com\/#website"},"primaryImageOfPage":{"@id":"https:\/\/laverdiererallyteam.com\/en\/sponsorship\/#primaryimage"},"image":{"@id":"https:\/\/laverdiererallyteam.com\/en\/sponsorship\/#primaryimage"},"thumbnailUrl":"https:\/\/laverdiererallyteam.com\/wp-content\/uploads\/2021\/07\/70015507_2698598440174317_7945477583913615360_o.jpg","datePublished":"2021-07-20T16:12:15+00:00","breadcrumb":{"@id":"https:\/\/laverdiererallyteam.com\/en\/sponsorship\/#breadcrumb"},"inLanguage":"en-US","potentialAction":[{"@type":"ReadAction","target":["https:\/\/laverdiererallyteam.com\/en\/sponsorship\/"]}]},{"@type":"ImageObject","inLanguage":"en-US","@id":"https:\/\/laverdiererallyteam.com\/en\/sponsorship\/#primaryimage","url":"https:\/\/laverdiererallyteam.com\/wp-content\/uploads\/2021\/07\/70015507_2698598440174317_7945477583913615360_o.jpg","contentUrl":"https:\/\/laverdiererallyteam.com\/wp-content\/uploads\/2021\/07\/70015507_2698598440174317_7945477583913615360_o.jpg"},{"@type":"BreadcrumbList","@id":"https:\/\/laverdiererallyteam.com\/en\/sponsorship\/#breadcrumb","itemListElement":[{"@type":"ListItem","position":1,"name":"Accueil","item":"https:\/\/laverdiererallyteam.com\/en\/"},{"@type":"ListItem","position":2,"name":"Sponsorship"}]},{"@type":"WebSite","@id":"https:\/\/laverdiererallyteam.com\/#website","url":"https:\/\/laverdiererallyteam.com\/","name":"Laverdi\u00e8re Rally Team","description":"Canadian Rally Team","publisher":{"@id":"https:\/\/laverdiererallyteam.com\/#organization"},"potentialAction":[{"@type":"SearchAction","target":{"@type":"EntryPoint","urlTemplate":"https:\/\/laverdiererallyteam.com\/?s={search_term_string}"},"query-input":{"@type":"PropertyValueSpecification","valueRequired":true,"valueName":"search_term_string"}}],"inLanguage":"en-US"},{"@type":"Organization","@id":"https:\/\/laverdiererallyteam.com\/#organization","name":"Laverdi\u00e8re Rally Team","url":"https:\/\/laverdiererallyteam.com\/","logo":{"@type":"ImageObject","inLanguage":"en-US","@id":"https:\/\/laverdiererallyteam.com\/#\/schema\/logo\/image\/","url":"https:\/\/laverdiererallyteam.com\/wp-content\/uploads\/2015\/01\/logo-text-bottom1.png","contentUrl":"https:\/\/laverdiererallyteam.com\/wp-content\/uploads\/2015\/01\/logo-text-bottom1.png","width":181,"height":231,"caption":"Laverdi\u00e8re Rally Team"},"image":{"@id":"https:\/\/laverdiererallyteam.com\/#\/schema\/logo\/image\/"}}]}},"_links":{"self":[{"href":"https:\/\/laverdiererallyteam.com\/en\/wp-json\/wp\/v2\/pages\/17606","targetHints":{"allow":["GET"]}}],"collection":[{"href":"https:\/\/laverdiererallyteam.com\/en\/wp-json\/wp\/v2\/pages"}],"about":[{"href":"https:\/\/laverdiererallyteam.com\/en\/wp-json\/wp\/v2\/types\/page"}],"author":[{"embeddable":true,"href":"https:\/\/laverdiererallyteam.com\/en\/wp-json\/wp\/v2\/users\/1"}],"replies":[{"embeddable":true,"href":"https:\/\/laverdiererallyteam.com\/en\/wp-json\/wp\/v2\/comments?post=17606"}],"version-history":[{"count":1,"href":"https:\/\/laverdiererallyteam.com\/en\/wp-json\/wp\/v2\/pages\/17606\/revisions"}],"predecessor-version":[{"id":17607,"href":"https:\/\/laverdiererallyteam.com\/en\/wp-json\/wp\/v2\/pages\/17606\/revisions\/17607"}],"wp:attachment":[{"href":"https:\/\/laverdiererallyteam.com\/en\/wp-json\/wp\/v2\/media?parent=17606"}],"curies":[{"name":"wp","href":"https:\/\/api.w.org\/{rel}","templated":true}]}}